{"id":610,"date":"2014-02-13T20:51:52","date_gmt":"2014-02-13T20:51:52","guid":{"rendered":"http:\/\/altimara.wordpress.com\/?page_id=610"},"modified":"2019-11-28T23:41:34","modified_gmt":"2019-11-28T22:41:34","slug":"garrigues","status":"publish","type":"page","link":"https:\/\/www.altimara.eu\/blog\/garrigues\/","title":{"rendered":"GARRIGUES"},"content":{"rendered":"<p>Pour trouver les posts du \u00ab\u00a0festival des charbonni\u00e8res\u00a0\u00bb et de \u00ab\u00a0la Grande E[pic] au Saint loup\u00a0\u00bb suivre les liens dans \u00ab\u00a0Mes Performances\u00a0\u00bb, \u00e0 droite.<\/p>\n<p>Le site du Collectif des garrigues : <a href=\"http:\/\/www.wikigarrigue.info\/wakka.php?wiki=PagePrincipale\" target=\"_blank\" rel=\"noopener noreferrer\"><span style=\"color: #ff6600;\">http:\/\/www.wikigarrigue.info\/wakka.php?wiki=PagePrincipale<\/span><\/a><\/p>\n<p>L&rsquo;inventaire des charbonni\u00e8res :&nbsp;<span style=\"color: #ff6600;\"><a style=\"color: #ff6600;\" href=\"http:\/\/www.wikigarrigue.info\/collectif\/wakka.php?wiki=InventCharbo\" target=\"_blank\" rel=\"noopener noreferrer\">http:\/\/www.wikigarrigue.info\/collectif\/wakka.php?wiki=InventCharbo<\/a>,<\/span> Ce recensement s&rsquo;applique dans l&rsquo;ensemble de la r\u00e9gion des garrigues. Si vous connaissez des sites charbonni\u00e8res, traditionnelles ou avec des fours en fer, vous pouvez rentrer les coordonn\u00e9es via ce lien.<\/p>\n<p>Mes deux publications,<\/p>\n<p style=\"text-align: center;\"><span style=\"color: #808080;\"><strong>Charbonni\u00e8res des garrigues<\/strong><\/span><\/p>\n<p style=\"text-align: left;\"><a href=\"https:\/\/i0.wp.com\/www.altimara.eu\/blog\/wp-content\/uploads\/2014\/02\/livre1.jpg\"><img data-recalc-dims=\"1\" loading=\"lazy\" decoding=\"async\" data-attachment-id=\"611\" data-permalink=\"https:\/\/www.altimara.eu\/blog\/garrigues\/livre1\/\" data-orig-file=\"https:\/\/i0.wp.com\/www.altimara.eu\/blog\/wp-content\/uploads\/2014\/02\/livre1.jpg?fit=607%2C865&amp;ssl=1\" data-orig-size=\"607,865\" data-comments-opened=\"0\" data-image-meta=\"{&quot;aperture&quot;:&quot;0&quot;,&quot;credit&quot;:&quot;&quot;,&quot;camera&quot;:&quot;&quot;,&quot;caption&quot;:&quot;&quot;,&quot;created_timestamp&quot;:&quot;0&quot;,&quot;copyright&quot;:&quot;&quot;,&quot;focal_length&quot;:&quot;0&quot;,&quot;iso&quot;:&quot;0&quot;,&quot;shutter_speed&quot;:&quot;0&quot;,&quot;title&quot;:&quot;&quot;}\" data-image-title=\"livre1\" data-image-description=\"\" data-image-caption=\"\" data-large-file=\"https:\/\/i0.wp.com\/www.altimara.eu\/blog\/wp-content\/uploads\/2014\/02\/livre1.jpg?fit=607%2C865&amp;ssl=1\" class=\"aligncenter  wp-image-611\" src=\"https:\/\/i0.wp.com\/www.altimara.eu\/blog\/wp-content\/uploads\/2014\/02\/livre1.jpg?resize=425%2C606\" alt=\"livre1\" width=\"425\" height=\"606\" srcset=\"https:\/\/i0.wp.com\/www.altimara.eu\/blog\/wp-content\/uploads\/2014\/02\/livre1.jpg?w=607&amp;ssl=1 607w, https:\/\/i0.wp.com\/www.altimara.eu\/blog\/wp-content\/uploads\/2014\/02\/livre1.jpg?resize=210%2C300&amp;ssl=1 210w\" sizes=\"auto, (max-width: 425px) 100vw, 425px\" \/><\/a><\/p>\n<p style=\"text-align: center;\"><span style=\"color: #808080;\"><strong>Origine des noms de villages avec le suffixe&nbsp;-ARGUES<\/strong><\/span><\/p>\n<p style=\"text-align: left;\"><a href=\"https:\/\/i0.wp.com\/www.altimara.eu\/blog\/wp-content\/uploads\/2014\/02\/argues2.jpg\"><img data-recalc-dims=\"1\" loading=\"lazy\" decoding=\"async\" data-attachment-id=\"612\" data-permalink=\"https:\/\/www.altimara.eu\/blog\/garrigues\/argues2\/\" data-orig-file=\"https:\/\/i0.wp.com\/www.altimara.eu\/blog\/wp-content\/uploads\/2014\/02\/argues2.jpg?fit=1240%2C1753&amp;ssl=1\" data-orig-size=\"1240,1753\" data-comments-opened=\"0\" data-image-meta=\"{&quot;aperture&quot;:&quot;0&quot;,&quot;credit&quot;:&quot;&quot;,&quot;camera&quot;:&quot;&quot;,&quot;caption&quot;:&quot;&quot;,&quot;created_timestamp&quot;:&quot;0&quot;,&quot;copyright&quot;:&quot;&quot;,&quot;focal_length&quot;:&quot;0&quot;,&quot;iso&quot;:&quot;0&quot;,&quot;shutter_speed&quot;:&quot;0&quot;,&quot;title&quot;:&quot;&quot;}\" data-image-title=\"argues2\" data-image-description=\"\" data-image-caption=\"\" data-large-file=\"https:\/\/i0.wp.com\/www.altimara.eu\/blog\/wp-content\/uploads\/2014\/02\/argues2.jpg?fit=627%2C887&amp;ssl=1\" class=\"aligncenter  wp-image-612\" src=\"https:\/\/i0.wp.com\/www.altimara.eu\/blog\/wp-content\/uploads\/2014\/02\/argues2.jpg?resize=439%2C620\" alt=\"argues2\" width=\"439\" height=\"620\" srcset=\"https:\/\/i0.wp.com\/www.altimara.eu\/blog\/wp-content\/uploads\/2014\/02\/argues2.jpg?w=1240&amp;ssl=1 1240w, https:\/\/i0.wp.com\/www.altimara.eu\/blog\/wp-content\/uploads\/2014\/02\/argues2.jpg?resize=212%2C300&amp;ssl=1 212w, https:\/\/i0.wp.com\/www.altimara.eu\/blog\/wp-content\/uploads\/2014\/02\/argues2.jpg?resize=724%2C1024&amp;ssl=1 724w\" sizes=\"auto, (max-width: 439px) 100vw, 439px\" \/><\/a><\/p>\n<p style=\"text-align: left;\">En vente 5\u20ac, \u00e0 l&rsquo;\u00e9picerie L&rsquo;ORKYS, Ste Croix de Quintillargues ou <span style=\"color: #3366ff;\"><a style=\"color: #3366ff;\" href=\"mailto:altimara@altimara.eu\" target=\"_blank\" rel=\"noopener noreferrer\">8 \u20acen pdf&nbsp; par mail.<\/a><\/span><\/p>\n","protected":false},"excerpt":{"rendered":"<p>Pour trouver les posts du \u00ab\u00a0festival des charbonni\u00e8res\u00a0\u00bb et de \u00ab\u00a0la Grande E[pic] au Saint loup\u00a0\u00bb suivre les liens dans \u00ab\u00a0Mes Performances\u00a0\u00bb, \u00e0 droite. Le site du Collectif des garrigues : http:\/\/www.wikigarrigue.info\/wakka.php?wiki=PagePrincipale L&rsquo;inventaire des charbonni\u00e8res :&nbsp;http:\/\/www.wikigarrigue.info\/collectif\/wakka.php?wiki=InventCharbo, Ce recensement s&rsquo;applique dans l&rsquo;ensemble de la r\u00e9gion des garrigues. Si vous connaissez des sites charbonni\u00e8res, traditionnelles ou avec [&hellip;]<\/p>\n","protected":false},"author":3,"featured_media":0,"parent":0,"menu_order":0,"comment_status":"open","ping_status":"open","template":"","meta":{"ngg_post_thumbnail":0,"footnotes":""},"class_list":["post-610","page","type-page","status-publish","hentry"],"jetpack_shortlink":"https:\/\/wp.me\/P4r91c-9Q","jetpack_sharing_enabled":true,"jetpack-related-posts":[{"id":3033,"url":"https:\/\/www.altimara.eu\/blog\/contact\/publications\/","url_meta":{"origin":610,"position":0},"title":"PubLICATIONS","author":"Martiou","date":"16 avril 2019","format":false,"excerpt":"Des fascicules, guides ou livres dans lesquels j'ai \u00e9crit en partie ou en totalit\u00e9. L'histoire des charbonniers, les techniques, le sentier des charbonni\u00e8res de Ste Croix. De nombreuses photos et illustrationsDisponible \u00e0 l'\u00e9picerie \"l'Orkis\" Ste Croix de Quintillargues10 \u20ac frais de port inclus pour la France suivant stock dispo ou\u2026","rel":"","context":"Article similaire","block_context":{"text":"Article similaire","link":""},"img":{"alt_text":"","src":"https:\/\/i0.wp.com\/www.altimara.eu\/blog\/wp-content\/uploads\/2019\/04\/livre1.jpg?resize=350%2C200&ssl=1","width":350,"height":200,"srcset":"https:\/\/i0.wp.com\/www.altimara.eu\/blog\/wp-content\/uploads\/2019\/04\/livre1.jpg?resize=350%2C200&ssl=1 1x, https:\/\/i0.wp.com\/www.altimara.eu\/blog\/wp-content\/uploads\/2019\/04\/livre1.jpg?resize=525%2C300&ssl=1 1.5x"},"classes":[]},{"id":143,"url":"https:\/\/www.altimara.eu\/blog\/contact\/","url_meta":{"origin":610,"position":1},"title":"CONTACT \/ INFO","author":"Martiou","date":"20 d\u00e9cembre 2013","format":false,"excerpt":"Martial ACQUARONE Pour m'\u00e9crire, utilisez la fiche contact dans la barre \u00e0 droite. Longtemps photographe de m\u00e9tier, paysagiste de c\u0153ur, j\u2019aime les vastes \u00e9tendues et essaye de transmettre la s\u00e9r\u00e9nit\u00e9 des lieux. Mais le monde a \u00e9t\u00e9 boulevers\u00e9 par les Hommes et leurs savoirs. Ceux-ci me passionnent et m\u2019ont fait\u2026","rel":"","context":"Article similaire","block_context":{"text":"Article similaire","link":""},"img":{"alt_text":"","src":"https:\/\/i0.wp.com\/www.altimara.eu\/blog\/wp-content\/uploads\/2013\/12\/carbonisacteur-titre.jpg?resize=350%2C200&ssl=1","width":350,"height":200,"srcset":"https:\/\/i0.wp.com\/www.altimara.eu\/blog\/wp-content\/uploads\/2013\/12\/carbonisacteur-titre.jpg?resize=350%2C200&ssl=1 1x, https:\/\/i0.wp.com\/www.altimara.eu\/blog\/wp-content\/uploads\/2013\/12\/carbonisacteur-titre.jpg?resize=525%2C300&ssl=1 1.5x, https:\/\/i0.wp.com\/www.altimara.eu\/blog\/wp-content\/uploads\/2013\/12\/carbonisacteur-titre.jpg?resize=700%2C400&ssl=1 2x"},"classes":[]},{"id":300,"url":"https:\/\/www.altimara.eu\/blog\/galerie-photo\/","url_meta":{"origin":610,"position":2},"title":"PHOTO-VIDEO","author":"Martiou","date":"2 janvier 2014","format":false,"excerpt":"Le meilleur des photos.La cuisson d'une charbonni\u00e8re en int\u00e9gralit\u00e9: Charbonni\u00e8re des garrigues 1 - \u00a0Islande -> Fresh Winds Martial 2 - La Grande E[pic] au St Loup ->\u00a0\u00a0r\u00e9sum\u00e9: https:\/\/www.flickr.com\/photos\/76279033@N02\/sets\/72157648611599169\/ complet:\u00a0t\u00eates noires reportage complet et la vid\u00e9o :\u00a0https:\/\/vimeo.com\/112622683","rel":"","context":"Article similaire","block_context":{"text":"Article similaire","link":""},"img":{"alt_text":"_MAC7878-2","src":"https:\/\/i0.wp.com\/www.altimara.eu\/blog\/wp-content\/uploads\/2014\/04\/MAC7878-2.jpg?resize=350%2C200","width":350,"height":200,"srcset":"https:\/\/i0.wp.com\/www.altimara.eu\/blog\/wp-content\/uploads\/2014\/04\/MAC7878-2.jpg?resize=350%2C200 1x, https:\/\/i0.wp.com\/www.altimara.eu\/blog\/wp-content\/uploads\/2014\/04\/MAC7878-2.jpg?resize=525%2C300 1.5x, https:\/\/i0.wp.com\/www.altimara.eu\/blog\/wp-content\/uploads\/2014\/04\/MAC7878-2.jpg?resize=700%2C400 2x"},"classes":[]},{"id":1138,"url":"https:\/\/www.altimara.eu\/blog\/revue-de-presse\/","url_meta":{"origin":610,"position":3},"title":"REVUE DE PRESSE","author":"Martiou","date":"26 d\u00e9cembre 2014","format":false,"excerpt":"Dans la presse hollandaise, journal Achterhoek 21 oct 2021 \u00a0 \u2022 Interview par Philippe Bertrand dans son \u00e9mission \"Carnets de Campagne\" de France Inter du 10 f\u00e9vrier 2020: https:\/\/www.franceinter.fr\/emissions\/carnets-de-campagne\/carnets-de-campagne-10-fevrier-2020 ou https:\/\/podcasts.apple.com\/fr\/podcast\/carnets-de-campagne\/id390465557 ou\u00a0 \u2022 L'H\u00e9raultais du jour, par Antoine Blain sur France Bleu H\u00e9rault, 28 novembre 2017: https:\/\/www.francebleu.fr\/emissions\/l-heraultais-du-jour-a-blin\/herault\/charbonnier-l-un-des-plus-vieux-metiers-du-monde-existe-encore-dans-l-herault \u2022 Une \u00e9mission\u2026","rel":"","context":"Article similaire","block_context":{"text":"Article similaire","link":""},"img":{"alt_text":"","src":"https:\/\/i0.wp.com\/www.altimara.eu\/blog\/wp-content\/uploads\/2021\/09\/Capture-de%CC%81cran-2021-09-01-a%CC%80-21.44.48.jpg?resize=350%2C200&ssl=1","width":350,"height":200,"srcset":"https:\/\/i0.wp.com\/www.altimara.eu\/blog\/wp-content\/uploads\/2021\/09\/Capture-de%CC%81cran-2021-09-01-a%CC%80-21.44.48.jpg?resize=350%2C200&ssl=1 1x, https:\/\/i0.wp.com\/www.altimara.eu\/blog\/wp-content\/uploads\/2021\/09\/Capture-de%CC%81cran-2021-09-01-a%CC%80-21.44.48.jpg?resize=525%2C300&ssl=1 1.5x"},"classes":[]},{"id":140,"url":"https:\/\/www.altimara.eu\/blog\/detente\/","url_meta":{"origin":610,"position":4},"title":"JEUX","author":"Martiou","date":"20 d\u00e9cembre 2013","format":false,"excerpt":"Parce qu'il est possible d'agir contre le changement climatique tout en s'amusant, jouez au jeu vid\u00e9o Pixel Impact et faites entendre votre voix. Une charbonni\u00e8re \u00e0 un bilan carbon neutre car le CO2 d\u00e9gag\u00e9 par la carbonisation a \u00e9t\u00e9 absorb\u00e9 dans le cycle de vie de l'arbre. Aujourd'hui, dans le\u2026","rel":"","context":"Article similaire","block_context":{"text":"Article similaire","link":""},"img":{"alt_text":"","src":"","width":0,"height":0},"classes":[]},{"id":147,"url":"https:\/\/www.altimara.eu\/blog\/islande\/","url_meta":{"origin":610,"position":5},"title":"ISLANDE","author":"Martiou","date":"21 d\u00e9cembre 2013","format":false,"excerpt":"L'\u00e9ruption en direct : \u00e9ruption Geldingadalur Fagradalsfjall Islande Photo d'un ami Islandais, Axel. Master coal, I always wanted for different reasons\u00a0to practice a cook to get carbon wood in Iceland. But in this windy area\u00a0of Gar\u00f0ur it seems it\u2019s impossible. Luckily the sea is everywhere in this end of the\u2026","rel":"","context":"Article similaire","block_context":{"text":"Article similaire","link":""},"img":{"alt_text":"","src":"https:\/\/i0.wp.com\/www.altimara.eu\/blog\/wp-content\/uploads\/2013\/12\/europe-islande.png?resize=350%2C200&ssl=1","width":350,"height":200,"srcset":"https:\/\/i0.wp.com\/www.altimara.eu\/blog\/wp-content\/uploads\/2013\/12\/europe-islande.png?resize=350%2C200&ssl=1 1x, https:\/\/i0.wp.com\/www.altimara.eu\/blog\/wp-content\/uploads\/2013\/12\/europe-islande.png?resize=525%2C300&ssl=1 1.5x, https:\/\/i0.wp.com\/www.altimara.eu\/blog\/wp-content\/uploads\/2013\/12\/europe-islande.png?resize=700%2C400&ssl=1 2x"},"classes":[]}],"_links":{"self":[{"href":"https:\/\/www.altimara.eu\/blog\/wp-json\/wp\/v2\/pages\/610","targetHints":{"allow":["GET"]}}],"collection":[{"href":"https:\/\/www.altimara.eu\/blog\/wp-json\/wp\/v2\/pages"}],"about":[{"href":"https:\/\/www.altimara.eu\/blog\/wp-json\/wp\/v2\/types\/page"}],"author":[{"embeddable":true,"href":"https:\/\/www.altimara.eu\/blog\/wp-json\/wp\/v2\/users\/3"}],"replies":[{"embeddable":true,"href":"https:\/\/www.altimara.eu\/blog\/wp-json\/wp\/v2\/comments?post=610"}],"version-history":[{"count":0,"href":"https:\/\/www.altimara.eu\/blog\/wp-json\/wp\/v2\/pages\/610\/revisions"}],"wp:attachment":[{"href":"https:\/\/www.altimara.eu\/blog\/wp-json\/wp\/v2\/media?parent=610"}],"curies":[{"name":"wp","href":"https:\/\/api.w.org\/{rel}","templated":true}]}}