{"id":143,"date":"2013-12-20T23:14:30","date_gmt":"2013-12-20T23:14:30","guid":{"rendered":"http:\/\/altimara.wordpress.com\/?page_id=143"},"modified":"2022-12-02T14:40:09","modified_gmt":"2022-12-02T13:40:09","slug":"contact","status":"publish","type":"page","link":"https:\/\/www.altimara.eu\/blog\/contact\/","title":{"rendered":"CONTACT \/ INFO"},"content":{"rendered":"<p>Martial ACQUARONE <span style=\"color: #ff6600;\"><br><\/span><\/p>\n<p>Pour m&rsquo;\u00e9crire, utilisez la fiche contact dans la barre \u00e0 droite.<img data-recalc-dims=\"1\" loading=\"lazy\" decoding=\"async\" data-attachment-id=\"3987\" data-permalink=\"https:\/\/www.altimara.eu\/blog\/contact\/moi2\/\" data-orig-file=\"https:\/\/i0.wp.com\/www.altimara.eu\/blog\/wp-content\/uploads\/2022\/12\/moi2.png?fit=547%2C816&amp;ssl=1\" data-orig-size=\"547,816\" data-comments-opened=\"1\" data-image-meta=\"{&quot;aperture&quot;:&quot;0&quot;,&quot;credit&quot;:&quot;&quot;,&quot;camera&quot;:&quot;&quot;,&quot;caption&quot;:&quot;&quot;,&quot;created_timestamp&quot;:&quot;0&quot;,&quot;copyright&quot;:&quot;&quot;,&quot;focal_length&quot;:&quot;0&quot;,&quot;iso&quot;:&quot;0&quot;,&quot;shutter_speed&quot;:&quot;0&quot;,&quot;title&quot;:&quot;&quot;,&quot;orientation&quot;:&quot;0&quot;}\" data-image-title=\"moi2\" data-image-description=\"\" data-image-caption=\"\" data-large-file=\"https:\/\/i0.wp.com\/www.altimara.eu\/blog\/wp-content\/uploads\/2022\/12\/moi2.png?fit=547%2C816&amp;ssl=1\" class=\"alignnone size-medium wp-image-3987\" src=\"https:\/\/i0.wp.com\/www.altimara.eu\/blog\/wp-content\/uploads\/2022\/12\/moi2.png?resize=201%2C300&#038;ssl=1\" alt=\"\" width=\"201\" height=\"300\" srcset=\"https:\/\/i0.wp.com\/www.altimara.eu\/blog\/wp-content\/uploads\/2022\/12\/moi2.png?resize=201%2C300&amp;ssl=1 201w, https:\/\/i0.wp.com\/www.altimara.eu\/blog\/wp-content\/uploads\/2022\/12\/moi2.png?w=547&amp;ssl=1 547w\" sizes=\"auto, (max-width: 201px) 100vw, 201px\" \/><\/p>\n<p>Longtemps photographe de m\u00e9tier, paysagiste de c\u0153ur, j\u2019aime les vastes \u00e9tendues et essaye de transmettre la s\u00e9r\u00e9nit\u00e9 des lieux. Mais le monde a \u00e9t\u00e9 boulevers\u00e9 par les Hommes et leurs savoirs. Ceux-ci me passionnent et m\u2019ont fait guide. J\u2019ai y rajouter l\u2019exp\u00e9rience \u00e0 la connaissance pour maitriser un savoir-faire, un d\u2019ici, des garrigues, celui de la carbonisation, me voil\u00e0 maitre charbonnier.<\/p>\n<p>Ce blog est le support de ma vue personnelle des diff\u00e9rents \u00e9v\u00e9nements auxquels je participe soit comme b\u00e9n\u00e9vole, Lo Garou, soit comme invit\u00e9, l&rsquo;Islande, ou technicien comme dans &nbsp;l&rsquo;E[pic].<br>je suis aussi intervenant en animations charbonni\u00e8res dans des manifestations ou conf\u00e9rences.<\/p>\n<p>&nbsp;<\/p>\n<p><img data-recalc-dims=\"1\" loading=\"lazy\" decoding=\"async\" data-attachment-id=\"2331\" data-permalink=\"https:\/\/www.altimara.eu\/blog\/contact\/expowb1-2\/\" data-orig-file=\"https:\/\/i0.wp.com\/www.altimara.eu\/blog\/wp-content\/uploads\/2013\/12\/expowB1.jpg?fit=841%2C595&amp;ssl=1\" data-orig-size=\"841,595\" data-comments-opened=\"1\" data-image-meta=\"{&quot;aperture&quot;:&quot;0&quot;,&quot;credit&quot;:&quot;&quot;,&quot;camera&quot;:&quot;&quot;,&quot;caption&quot;:&quot;&quot;,&quot;created_timestamp&quot;:&quot;0&quot;,&quot;copyright&quot;:&quot;&quot;,&quot;focal_length&quot;:&quot;0&quot;,&quot;iso&quot;:&quot;0&quot;,&quot;shutter_speed&quot;:&quot;0&quot;,&quot;title&quot;:&quot;&quot;,&quot;orientation&quot;:&quot;0&quot;}\" data-image-title=\"expowB1\" data-image-description=\"\" data-image-caption=\"\" data-large-file=\"https:\/\/i0.wp.com\/www.altimara.eu\/blog\/wp-content\/uploads\/2013\/12\/expowB1.jpg?fit=627%2C444&amp;ssl=1\" class=\"size-full wp-image-2331 aligncenter\" src=\"https:\/\/i0.wp.com\/www.altimara.eu\/blog\/wp-content\/uploads\/2013\/12\/expowB1.jpg?resize=627%2C444\" alt=\"\" width=\"627\" height=\"444\" srcset=\"https:\/\/i0.wp.com\/www.altimara.eu\/blog\/wp-content\/uploads\/2013\/12\/expowB1.jpg?w=841&amp;ssl=1 841w, https:\/\/i0.wp.com\/www.altimara.eu\/blog\/wp-content\/uploads\/2013\/12\/expowB1.jpg?resize=300%2C212&amp;ssl=1 300w, https:\/\/i0.wp.com\/www.altimara.eu\/blog\/wp-content\/uploads\/2013\/12\/expowB1.jpg?resize=768%2C543&amp;ssl=1 768w\" sizes=\"auto, (max-width: 627px) 100vw, 627px\" \/><\/p>\n<p><a href=\"https:\/\/i0.wp.com\/www.altimara.eu\/blog\/wp-content\/uploads\/2013\/12\/un-charbonnier-eclairc3a9.jpg\"><img data-recalc-dims=\"1\" loading=\"lazy\" decoding=\"async\" data-attachment-id=\"2333\" data-permalink=\"https:\/\/www.altimara.eu\/blog\/contact\/expowb2\/\" data-orig-file=\"https:\/\/i0.wp.com\/www.altimara.eu\/blog\/wp-content\/uploads\/2013\/12\/expowB2.jpg?fit=841%2C595&amp;ssl=1\" data-orig-size=\"841,595\" data-comments-opened=\"1\" data-image-meta=\"{&quot;aperture&quot;:&quot;0&quot;,&quot;credit&quot;:&quot;&quot;,&quot;camera&quot;:&quot;&quot;,&quot;caption&quot;:&quot;&quot;,&quot;created_timestamp&quot;:&quot;0&quot;,&quot;copyright&quot;:&quot;&quot;,&quot;focal_length&quot;:&quot;0&quot;,&quot;iso&quot;:&quot;0&quot;,&quot;shutter_speed&quot;:&quot;0&quot;,&quot;title&quot;:&quot;&quot;,&quot;orientation&quot;:&quot;0&quot;}\" data-image-title=\"expowB2\" data-image-description=\"\" data-image-caption=\"\" data-large-file=\"https:\/\/i0.wp.com\/www.altimara.eu\/blog\/wp-content\/uploads\/2013\/12\/expowB2.jpg?fit=627%2C444&amp;ssl=1\" class=\"aligncenter size-full wp-image-2333\" src=\"https:\/\/i0.wp.com\/www.altimara.eu\/blog\/wp-content\/uploads\/2013\/12\/expowB2.jpg?resize=627%2C444\" alt=\"\" width=\"627\" height=\"444\" srcset=\"https:\/\/i0.wp.com\/www.altimara.eu\/blog\/wp-content\/uploads\/2013\/12\/expowB2.jpg?w=841&amp;ssl=1 841w, https:\/\/i0.wp.com\/www.altimara.eu\/blog\/wp-content\/uploads\/2013\/12\/expowB2.jpg?resize=300%2C212&amp;ssl=1 300w, https:\/\/i0.wp.com\/www.altimara.eu\/blog\/wp-content\/uploads\/2013\/12\/expowB2.jpg?resize=768%2C543&amp;ssl=1 768w\" sizes=\"auto, (max-width: 627px) 100vw, 627px\" \/><\/a><\/p>\n<p><img data-recalc-dims=\"1\" loading=\"lazy\" decoding=\"async\" data-attachment-id=\"2334\" data-permalink=\"https:\/\/www.altimara.eu\/blog\/contact\/expowb3\/\" data-orig-file=\"https:\/\/i0.wp.com\/www.altimara.eu\/blog\/wp-content\/uploads\/2013\/12\/expowB3.jpg?fit=841%2C595&amp;ssl=1\" data-orig-size=\"841,595\" data-comments-opened=\"1\" data-image-meta=\"{&quot;aperture&quot;:&quot;0&quot;,&quot;credit&quot;:&quot;&quot;,&quot;camera&quot;:&quot;&quot;,&quot;caption&quot;:&quot;&quot;,&quot;created_timestamp&quot;:&quot;0&quot;,&quot;copyright&quot;:&quot;&quot;,&quot;focal_length&quot;:&quot;0&quot;,&quot;iso&quot;:&quot;0&quot;,&quot;shutter_speed&quot;:&quot;0&quot;,&quot;title&quot;:&quot;&quot;,&quot;orientation&quot;:&quot;0&quot;}\" data-image-title=\"expowB3\" data-image-description=\"\" data-image-caption=\"\" data-large-file=\"https:\/\/i0.wp.com\/www.altimara.eu\/blog\/wp-content\/uploads\/2013\/12\/expowB3.jpg?fit=627%2C444&amp;ssl=1\" class=\"aligncenter size-full wp-image-2334\" src=\"https:\/\/i0.wp.com\/www.altimara.eu\/blog\/wp-content\/uploads\/2013\/12\/expowB3.jpg?resize=627%2C444\" alt=\"\" width=\"627\" height=\"444\" srcset=\"https:\/\/i0.wp.com\/www.altimara.eu\/blog\/wp-content\/uploads\/2013\/12\/expowB3.jpg?w=841&amp;ssl=1 841w, https:\/\/i0.wp.com\/www.altimara.eu\/blog\/wp-content\/uploads\/2013\/12\/expowB3.jpg?resize=300%2C212&amp;ssl=1 300w, https:\/\/i0.wp.com\/www.altimara.eu\/blog\/wp-content\/uploads\/2013\/12\/expowB3.jpg?resize=768%2C543&amp;ssl=1 768w\" sizes=\"auto, (max-width: 627px) 100vw, 627px\" \/><img data-recalc-dims=\"1\" loading=\"lazy\" decoding=\"async\" data-attachment-id=\"2336\" data-permalink=\"https:\/\/www.altimara.eu\/blog\/contact\/expowb4\/\" data-orig-file=\"https:\/\/i0.wp.com\/www.altimara.eu\/blog\/wp-content\/uploads\/2013\/12\/expowB4.jpg?fit=841%2C595&amp;ssl=1\" data-orig-size=\"841,595\" data-comments-opened=\"1\" data-image-meta=\"{&quot;aperture&quot;:&quot;0&quot;,&quot;credit&quot;:&quot;&quot;,&quot;camera&quot;:&quot;&quot;,&quot;caption&quot;:&quot;&quot;,&quot;created_timestamp&quot;:&quot;0&quot;,&quot;copyright&quot;:&quot;&quot;,&quot;focal_length&quot;:&quot;0&quot;,&quot;iso&quot;:&quot;0&quot;,&quot;shutter_speed&quot;:&quot;0&quot;,&quot;title&quot;:&quot;&quot;,&quot;orientation&quot;:&quot;0&quot;}\" data-image-title=\"expowB4\" data-image-description=\"\" data-image-caption=\"\" data-large-file=\"https:\/\/i0.wp.com\/www.altimara.eu\/blog\/wp-content\/uploads\/2013\/12\/expowB4.jpg?fit=627%2C444&amp;ssl=1\" class=\"aligncenter size-full wp-image-2336\" src=\"https:\/\/i0.wp.com\/www.altimara.eu\/blog\/wp-content\/uploads\/2013\/12\/expowB4.jpg?resize=627%2C444\" alt=\"\" width=\"627\" height=\"444\" srcset=\"https:\/\/i0.wp.com\/www.altimara.eu\/blog\/wp-content\/uploads\/2013\/12\/expowB4.jpg?w=841&amp;ssl=1 841w, https:\/\/i0.wp.com\/www.altimara.eu\/blog\/wp-content\/uploads\/2013\/12\/expowB4.jpg?resize=300%2C212&amp;ssl=1 300w, https:\/\/i0.wp.com\/www.altimara.eu\/blog\/wp-content\/uploads\/2013\/12\/expowB4.jpg?resize=768%2C543&amp;ssl=1 768w\" sizes=\"auto, (max-width: 627px) 100vw, 627px\" \/><\/p>\n<p>&nbsp;<\/p>\n\n<div class=\"wp-block-image\">\n<figure class=\"aligncenter size-full\"><img data-recalc-dims=\"1\" loading=\"lazy\" decoding=\"async\" width=\"579\" height=\"130\" data-attachment-id=\"698\" data-permalink=\"https:\/\/www.altimara.eu\/blog\/bandeau2\/\" data-orig-file=\"https:\/\/i0.wp.com\/www.altimara.eu\/blog\/wp-content\/uploads\/2014\/02\/bandeau2.png?fit=579%2C130&amp;ssl=1\" data-orig-size=\"579,130\" data-comments-opened=\"0\" data-image-meta=\"{&quot;aperture&quot;:&quot;0&quot;,&quot;credit&quot;:&quot;&quot;,&quot;camera&quot;:&quot;&quot;,&quot;caption&quot;:&quot;&quot;,&quot;created_timestamp&quot;:&quot;0&quot;,&quot;copyright&quot;:&quot;&quot;,&quot;focal_length&quot;:&quot;0&quot;,&quot;iso&quot;:&quot;0&quot;,&quot;shutter_speed&quot;:&quot;0&quot;,&quot;title&quot;:&quot;&quot;}\" data-image-title=\"bandeau2\" data-image-description=\"\" data-image-caption=\"\" data-large-file=\"https:\/\/i0.wp.com\/www.altimara.eu\/blog\/wp-content\/uploads\/2014\/02\/bandeau2.png?fit=579%2C130&amp;ssl=1\" src=\"https:\/\/i0.wp.com\/www.altimara.eu\/blog\/wp-content\/uploads\/2014\/02\/bandeau2.png?resize=579%2C130&#038;ssl=1\" alt=\"\" class=\"wp-image-698\" srcset=\"https:\/\/i0.wp.com\/www.altimara.eu\/blog\/wp-content\/uploads\/2014\/02\/bandeau2.png?w=579&amp;ssl=1 579w, https:\/\/i0.wp.com\/www.altimara.eu\/blog\/wp-content\/uploads\/2014\/02\/bandeau2.png?resize=300%2C67&amp;ssl=1 300w\" sizes=\"auto, (max-width: 579px) 100vw, 579px\" \/><\/figure>\n<\/div>\n\n\n<p>Mes origines carbonisateur<\/p>\n\n\n\n<p>C&rsquo;est au sein de la section patrimoine du Foyer Rural Les Quintillades que j&rsquo;ai acquis l&rsquo;exp\u00e9rience. Nous sommes une dizaine d&rsquo;allum\u00e9s mais pas carbonis\u00e9s, \u00e0 accomplir la noble t\u00e2che de valoriser le patrimoine vernaculaire de notre territoire. Nous avons gagn\u00e9 moulte prix du patrimoine pour nos travaux et m\u00e9diation, et en Islande &nbsp;j&rsquo;ai embarqu\u00e9 avec moi une grande partie de notre exposition tout terrain, \u00ab\u00a0l&rsquo;\u00e9comus\u00e9e au vent\u00a0\u00bb. Par contre l&rsquo;homme qui m&rsquo;a form\u00e9 est un ancien charbonnier, fils et petit fils de charbonniers bergamasques, Louis Salvi.<\/p>\n\n\n\n<p>J&rsquo;ai dirig\u00e9 pendant 20 ans l&rsquo;organisation avec mes nombreux-ses comp\u00e8res b\u00e9n\u00e9voles des manifestations dont le Festival des Charbonni\u00e8res \u00ab\u00a0Lo Garou\u00a0\u00bb.<\/p>\n\n\n\n<p>Souvent nous sommes deux \u00ab\u00a0associ\u00e9s\u00a0\u00bb \u00e0 \u0153uvrer lors des manifestations. Mon bin\u00f4me s&rsquo;appelle Ren\u00e9, c&rsquo;est le mec plus ultra des techniques d&rsquo;allumage du feu. Retrouver nos actions dans notre site: <a href=\"http:\/\/www.altimara.eu\/altimara.eu\/Animateurs-patrimoine.html\" target=\"_blank\" rel=\"noreferrer noopener\">http:\/\/www.altimara.eu\/altimara.eu\/Animateurs-patrimoine.html<\/a><\/p>\n\n\n\n<p>Un petit power point pour me pr\u00e9senter<\/p>\n\n\n\n<p><a href=\"https:\/\/www.altimara.eu\/blog\/wp-content\/uploads\/2014\/01\/prc3a9sentation1.pptx\">Pr\u00e9sentation1<\/a><\/p>\n\n\n\n<p>Comment qu\u2019on fait du charbon de bois:&nbsp;<a href=\"https:\/\/www.altimara.eu\/blog\/wp-content\/uploads\/2013\/12\/charb_1.gif\" target=\"_blank\" rel=\"noreferrer noopener\">https:\/\/www.altimara.eu\/blog\/wp-content\/uploads\/2013\/12\/charb_1.gif<\/a><\/p>\n\n\n\n<figure class=\"wp-block-image size-full\"><img data-recalc-dims=\"1\" loading=\"lazy\" decoding=\"async\" width=\"627\" height=\"445\" data-attachment-id=\"129\" data-permalink=\"https:\/\/www.altimara.eu\/blog\/carbonisacteur-titre\/\" data-orig-file=\"https:\/\/i0.wp.com\/www.altimara.eu\/blog\/wp-content\/uploads\/2013\/12\/carbonisacteur-titre.jpg?fit=844%2C599&amp;ssl=1\" data-orig-size=\"844,599\" data-comments-opened=\"0\" data-image-meta=\"{&quot;aperture&quot;:&quot;0&quot;,&quot;credit&quot;:&quot;&quot;,&quot;camera&quot;:&quot;&quot;,&quot;caption&quot;:&quot;&quot;,&quot;created_timestamp&quot;:&quot;0&quot;,&quot;copyright&quot;:&quot;&quot;,&quot;focal_length&quot;:&quot;0&quot;,&quot;iso&quot;:&quot;0&quot;,&quot;shutter_speed&quot;:&quot;0&quot;,&quot;title&quot;:&quot;&quot;}\" data-image-title=\"carbonis&amp;rsquo;acteur-titre\" data-image-description=\"\" data-image-caption=\"\" data-large-file=\"https:\/\/i0.wp.com\/www.altimara.eu\/blog\/wp-content\/uploads\/2013\/12\/carbonisacteur-titre.jpg?fit=627%2C445&amp;ssl=1\" src=\"https:\/\/i0.wp.com\/www.altimara.eu\/blog\/wp-content\/uploads\/2013\/12\/carbonisacteur-titre.jpg?resize=627%2C445&#038;ssl=1\" alt=\"\" class=\"wp-image-129\" srcset=\"https:\/\/i0.wp.com\/www.altimara.eu\/blog\/wp-content\/uploads\/2013\/12\/carbonisacteur-titre.jpg?w=844&amp;ssl=1 844w, https:\/\/i0.wp.com\/www.altimara.eu\/blog\/wp-content\/uploads\/2013\/12\/carbonisacteur-titre.jpg?resize=300%2C212&amp;ssl=1 300w\" sizes=\"auto, (max-width: 627px) 100vw, 627px\" \/><\/figure>\n","protected":false},"excerpt":{"rendered":"<p>Martial ACQUARONE Pour m&rsquo;\u00e9crire, utilisez la fiche contact dans la barre \u00e0 droite. Longtemps photographe de m\u00e9tier, paysagiste de c\u0153ur, j\u2019aime les vastes \u00e9tendues et essaye de transmettre la s\u00e9r\u00e9nit\u00e9 des lieux. Mais le monde a \u00e9t\u00e9 boulevers\u00e9 par les Hommes et leurs savoirs. Ceux-ci me passionnent et m\u2019ont fait guide. J\u2019ai y rajouter l\u2019exp\u00e9rience [&hellip;]<\/p>\n","protected":false},"author":3,"featured_media":0,"parent":0,"menu_order":0,"comment_status":"closed","ping_status":"open","template":"","meta":{"ngg_post_thumbnail":0,"jetpack_post_was_ever_published":false,"footnotes":""},"class_list":["post-143","page","type-page","status-publish","hentry"],"jetpack_shortlink":"https:\/\/wp.me\/P4r91c-2j","jetpack_sharing_enabled":true,"jetpack-related-posts":[{"id":147,"url":"https:\/\/www.altimara.eu\/blog\/islande\/","url_meta":{"origin":143,"position":0},"title":"ISLANDE","author":"Martiou","date":"21 d\u00e9cembre 2013","format":false,"excerpt":"L'\u00e9ruption en direct : \u00e9ruption Geldingadalur Fagradalsfjall Islande Photo d'un ami Islandais, Axel. Master coal, I always wanted for different reasons\u00a0to practice a cook to get carbon wood in Iceland. But in this windy area\u00a0of Gar\u00f0ur it seems it\u2019s impossible. Luckily the sea is everywhere in this end of the\u2026","rel":"","context":"Article similaire","block_context":{"text":"Article similaire","link":""},"img":{"alt_text":"","src":"https:\/\/i0.wp.com\/www.altimara.eu\/blog\/wp-content\/uploads\/2013\/12\/europe-islande.png?resize=350%2C200&ssl=1","width":350,"height":200,"srcset":"https:\/\/i0.wp.com\/www.altimara.eu\/blog\/wp-content\/uploads\/2013\/12\/europe-islande.png?resize=350%2C200&ssl=1 1x, https:\/\/i0.wp.com\/www.altimara.eu\/blog\/wp-content\/uploads\/2013\/12\/europe-islande.png?resize=525%2C300&ssl=1 1.5x, https:\/\/i0.wp.com\/www.altimara.eu\/blog\/wp-content\/uploads\/2013\/12\/europe-islande.png?resize=700%2C400&ssl=1 2x"},"classes":[]},{"id":3033,"url":"https:\/\/www.altimara.eu\/blog\/contact\/publications\/","url_meta":{"origin":143,"position":1},"title":"PubLICATIONS","author":"Martiou","date":"16 avril 2019","format":false,"excerpt":"Des fascicules, guides ou livres dans lesquels j'ai \u00e9crit en partie ou en totalit\u00e9. L'histoire des charbonniers, les techniques, le sentier des charbonni\u00e8res de Ste Croix. De nombreuses photos et illustrationsDisponible \u00e0 l'\u00e9picerie \"l'Orkis\" Ste Croix de Quintillargues10 \u20ac frais de port inclus pour la France suivant stock dispo ou\u2026","rel":"","context":"Article similaire","block_context":{"text":"Article similaire","link":""},"img":{"alt_text":"","src":"https:\/\/i0.wp.com\/www.altimara.eu\/blog\/wp-content\/uploads\/2019\/04\/livre1.jpg?resize=350%2C200&ssl=1","width":350,"height":200,"srcset":"https:\/\/i0.wp.com\/www.altimara.eu\/blog\/wp-content\/uploads\/2019\/04\/livre1.jpg?resize=350%2C200&ssl=1 1x, https:\/\/i0.wp.com\/www.altimara.eu\/blog\/wp-content\/uploads\/2019\/04\/livre1.jpg?resize=525%2C300&ssl=1 1.5x"},"classes":[]},{"id":140,"url":"https:\/\/www.altimara.eu\/blog\/detente\/","url_meta":{"origin":143,"position":2},"title":"JEUX","author":"Martiou","date":"20 d\u00e9cembre 2013","format":false,"excerpt":"Parce qu'il est possible d'agir contre le changement climatique tout en s'amusant, jouez au jeu vid\u00e9o Pixel Impact et faites entendre votre voix. Une charbonni\u00e8re \u00e0 un bilan carbon neutre car le CO2 d\u00e9gag\u00e9 par la carbonisation a \u00e9t\u00e9 absorb\u00e9 dans le cycle de vie de l'arbre. Aujourd'hui, dans le\u2026","rel":"","context":"Article similaire","block_context":{"text":"Article similaire","link":""},"img":{"alt_text":"","src":"","width":0,"height":0},"classes":[]},{"id":610,"url":"https:\/\/www.altimara.eu\/blog\/garrigues\/","url_meta":{"origin":143,"position":3},"title":"GARRIGUES","author":"Martiou","date":"13 f\u00e9vrier 2014","format":false,"excerpt":"Pour trouver les posts du \"festival des charbonni\u00e8res\" et de \"la Grande E[pic] au Saint loup\" suivre les liens dans \"Mes Performances\", \u00e0 droite. Le site du Collectif des garrigues : http:\/\/www.wikigarrigue.info\/wakka.php?wiki=PagePrincipale L'inventaire des charbonni\u00e8res :\u00a0http:\/\/www.wikigarrigue.info\/collectif\/wakka.php?wiki=InventCharbo, Ce recensement s'applique dans l'ensemble de la r\u00e9gion des garrigues. Si vous connaissez des\u2026","rel":"","context":"Article similaire","block_context":{"text":"Article similaire","link":""},"img":{"alt_text":"livre1","src":"https:\/\/i0.wp.com\/www.altimara.eu\/blog\/wp-content\/uploads\/2014\/02\/livre1.jpg?resize=350%2C200","width":350,"height":200},"classes":[]},{"id":1138,"url":"https:\/\/www.altimara.eu\/blog\/revue-de-presse\/","url_meta":{"origin":143,"position":4},"title":"REVUE DE PRESSE","author":"Martiou","date":"26 d\u00e9cembre 2014","format":false,"excerpt":"Dans la presse hollandaise, journal Achterhoek 21 oct 2021 \u00a0 \u2022 Interview par Philippe Bertrand dans son \u00e9mission \"Carnets de Campagne\" de France Inter du 10 f\u00e9vrier 2020: https:\/\/www.franceinter.fr\/emissions\/carnets-de-campagne\/carnets-de-campagne-10-fevrier-2020 ou https:\/\/podcasts.apple.com\/fr\/podcast\/carnets-de-campagne\/id390465557 ou\u00a0 \u2022 L'H\u00e9raultais du jour, par Antoine Blain sur France Bleu H\u00e9rault, 28 novembre 2017: https:\/\/www.francebleu.fr\/emissions\/l-heraultais-du-jour-a-blin\/herault\/charbonnier-l-un-des-plus-vieux-metiers-du-monde-existe-encore-dans-l-herault \u2022 Une \u00e9mission\u2026","rel":"","context":"Article similaire","block_context":{"text":"Article similaire","link":""},"img":{"alt_text":"","src":"https:\/\/i0.wp.com\/www.altimara.eu\/blog\/wp-content\/uploads\/2021\/09\/Capture-de%CC%81cran-2021-09-01-a%CC%80-21.44.48.jpg?resize=350%2C200&ssl=1","width":350,"height":200,"srcset":"https:\/\/i0.wp.com\/www.altimara.eu\/blog\/wp-content\/uploads\/2021\/09\/Capture-de%CC%81cran-2021-09-01-a%CC%80-21.44.48.jpg?resize=350%2C200&ssl=1 1x, https:\/\/i0.wp.com\/www.altimara.eu\/blog\/wp-content\/uploads\/2021\/09\/Capture-de%CC%81cran-2021-09-01-a%CC%80-21.44.48.jpg?resize=525%2C300&ssl=1 1.5x"},"classes":[]}],"_links":{"self":[{"href":"https:\/\/www.altimara.eu\/blog\/wp-json\/wp\/v2\/pages\/143","targetHints":{"allow":["GET"]}}],"collection":[{"href":"https:\/\/www.altimara.eu\/blog\/wp-json\/wp\/v2\/pages"}],"about":[{"href":"https:\/\/www.altimara.eu\/blog\/wp-json\/wp\/v2\/types\/page"}],"author":[{"embeddable":true,"href":"https:\/\/www.altimara.eu\/blog\/wp-json\/wp\/v2\/users\/3"}],"replies":[{"embeddable":true,"href":"https:\/\/www.altimara.eu\/blog\/wp-json\/wp\/v2\/comments?post=143"}],"version-history":[{"count":0,"href":"https:\/\/www.altimara.eu\/blog\/wp-json\/wp\/v2\/pages\/143\/revisions"}],"wp:attachment":[{"href":"https:\/\/www.altimara.eu\/blog\/wp-json\/wp\/v2\/media?parent=143"}],"curies":[{"name":"wp","href":"https:\/\/api.w.org\/{rel}","templated":true}]}}