{"id":140,"date":"2013-12-20T23:06:31","date_gmt":"2013-12-20T23:06:31","guid":{"rendered":"http:\/\/altimara.wordpress.com\/?page_id=140"},"modified":"2020-09-14T10:23:54","modified_gmt":"2020-09-14T09:23:54","slug":"detente","status":"publish","type":"page","link":"https:\/\/www.altimara.eu\/blog\/detente\/","title":{"rendered":"JEUX"},"content":{"rendered":"<p>Parce qu&rsquo;il est possible d&rsquo;agir contre le changement climatique tout en s&rsquo;amusant, jouez au jeu vid\u00e9o <a title=\"Pixel Impact climate game\" href=\"http:\/\/pixelimpact.org\" target=\"_blank\" rel=\"noopener noreferrer\">Pixel Impact<\/a> et faites entendre votre voix.<\/p>\n<p>Une charbonni\u00e8re \u00e0 un bilan carbon neutre car le CO2 d\u00e9gag\u00e9 par la carbonisation a \u00e9t\u00e9 absorb\u00e9 dans le cycle de vie de l&rsquo;arbre. Aujourd&rsquo;hui, dans le biochar (charbon v\u00e9g\u00e9tal), les experts pensent pouvoir capter du CO2.<\/p>\n<p>Sauriez-vous en faire autant sur&#8212;&#8211;&gt;&nbsp;<a title=\"Site Pixel Impact\" href=\"http:\/\/pixelimpact.org\" target=\"_blank\" rel=\"noopener noreferrer\">http:\/\/pixelimpact.org<\/a> ?<\/p>\n<p>Partager votre exp\u00e9rience vid\u00e9oludique sur les r\u00e9seaux sociaux.<\/p>\n<p>La chanson du charbonnier<\/p>\n<p><span class=\"embed-youtube\" style=\"text-align:center; display: block;\"><iframe loading=\"lazy\" class=\"youtube-player\" width=\"627\" height=\"353\" src=\"https:\/\/www.youtube.com\/embed\/4ah-VqPMHwY?version=3&#038;rel=1&#038;showsearch=0&#038;showinfo=1&#038;iv_load_policy=1&#038;fs=1&#038;hl=fr-FR&#038;autohide=2&#038;wmode=transparent\" allowfullscreen=\"true\" style=\"border:0;\" sandbox=\"allow-scripts allow-same-origin allow-popups allow-presentation allow-popups-to-escape-sandbox\"><\/iframe><\/span><\/p>\n\n\n<p>Mon autre passion, l&rsquo;a\u00efkido :<a rel=\"noreferrer noopener\" href=\"https:\/\/www.youtube.com\/watch?v=7gG7ycsXEek\" target=\"_blank\">https:\/\/www.youtube.com\/watch?v=7gG7ycsXEek<\/a><\/p>\n","protected":false},"excerpt":{"rendered":"<p>Parce qu&rsquo;il est possible d&rsquo;agir contre le changement climatique tout en s&rsquo;amusant, jouez au jeu vid\u00e9o Pixel Impact et faites entendre votre voix. Une charbonni\u00e8re \u00e0 un bilan carbon neutre car le CO2 d\u00e9gag\u00e9 par la carbonisation a \u00e9t\u00e9 absorb\u00e9 dans le cycle de vie de l&rsquo;arbre. Aujourd&rsquo;hui, dans le biochar (charbon v\u00e9g\u00e9tal), les experts [&hellip;]<\/p>\n","protected":false},"author":3,"featured_media":0,"parent":0,"menu_order":0,"comment_status":"closed","ping_status":"open","template":"","meta":{"ngg_post_thumbnail":0,"jetpack_post_was_ever_published":false,"footnotes":""},"class_list":["post-140","page","type-page","status-publish","hentry"],"jetpack_shortlink":"https:\/\/wp.me\/P4r91c-2g","jetpack_sharing_enabled":true,"jetpack-related-posts":[{"id":147,"url":"https:\/\/www.altimara.eu\/blog\/islande\/","url_meta":{"origin":140,"position":0},"title":"ISLANDE","author":"Martiou","date":"21 d\u00e9cembre 2013","format":false,"excerpt":"L'\u00e9ruption en direct : \u00e9ruption Geldingadalur Fagradalsfjall Islande Photo d'un ami Islandais, Axel. Master coal, I always wanted for different reasons\u00a0to practice a cook to get carbon wood in Iceland. But in this windy area\u00a0of Gar\u00f0ur it seems it\u2019s impossible. Luckily the sea is everywhere in this end of the\u2026","rel":"","context":"Article similaire","block_context":{"text":"Article similaire","link":""},"img":{"alt_text":"","src":"https:\/\/i0.wp.com\/www.altimara.eu\/blog\/wp-content\/uploads\/2013\/12\/europe-islande.png?resize=350%2C200&ssl=1","width":350,"height":200,"srcset":"https:\/\/i0.wp.com\/www.altimara.eu\/blog\/wp-content\/uploads\/2013\/12\/europe-islande.png?resize=350%2C200&ssl=1 1x, https:\/\/i0.wp.com\/www.altimara.eu\/blog\/wp-content\/uploads\/2013\/12\/europe-islande.png?resize=525%2C300&ssl=1 1.5x, https:\/\/i0.wp.com\/www.altimara.eu\/blog\/wp-content\/uploads\/2013\/12\/europe-islande.png?resize=700%2C400&ssl=1 2x"},"classes":[]},{"id":1138,"url":"https:\/\/www.altimara.eu\/blog\/revue-de-presse\/","url_meta":{"origin":140,"position":1},"title":"REVUE DE PRESSE","author":"Martiou","date":"26 d\u00e9cembre 2014","format":false,"excerpt":"Dans la presse hollandaise, journal Achterhoek 21 oct 2021 \u00a0 \u2022 Interview par Philippe Bertrand dans son \u00e9mission \"Carnets de Campagne\" de France Inter du 10 f\u00e9vrier 2020: https:\/\/www.franceinter.fr\/emissions\/carnets-de-campagne\/carnets-de-campagne-10-fevrier-2020 ou https:\/\/podcasts.apple.com\/fr\/podcast\/carnets-de-campagne\/id390465557 ou\u00a0 \u2022 L'H\u00e9raultais du jour, par Antoine Blain sur France Bleu H\u00e9rault, 28 novembre 2017: https:\/\/www.francebleu.fr\/emissions\/l-heraultais-du-jour-a-blin\/herault\/charbonnier-l-un-des-plus-vieux-metiers-du-monde-existe-encore-dans-l-herault \u2022 Une \u00e9mission\u2026","rel":"","context":"Article similaire","block_context":{"text":"Article similaire","link":""},"img":{"alt_text":"","src":"https:\/\/i0.wp.com\/www.altimara.eu\/blog\/wp-content\/uploads\/2021\/09\/Capture-de%CC%81cran-2021-09-01-a%CC%80-21.44.48.jpg?resize=350%2C200&ssl=1","width":350,"height":200,"srcset":"https:\/\/i0.wp.com\/www.altimara.eu\/blog\/wp-content\/uploads\/2021\/09\/Capture-de%CC%81cran-2021-09-01-a%CC%80-21.44.48.jpg?resize=350%2C200&ssl=1 1x, https:\/\/i0.wp.com\/www.altimara.eu\/blog\/wp-content\/uploads\/2021\/09\/Capture-de%CC%81cran-2021-09-01-a%CC%80-21.44.48.jpg?resize=525%2C300&ssl=1 1.5x"},"classes":[]},{"id":610,"url":"https:\/\/www.altimara.eu\/blog\/garrigues\/","url_meta":{"origin":140,"position":2},"title":"GARRIGUES","author":"Martiou","date":"13 f\u00e9vrier 2014","format":false,"excerpt":"Pour trouver les posts du \"festival des charbonni\u00e8res\" et de \"la Grande E[pic] au Saint loup\" suivre les liens dans \"Mes Performances\", \u00e0 droite. Le site du Collectif des garrigues : http:\/\/www.wikigarrigue.info\/wakka.php?wiki=PagePrincipale L'inventaire des charbonni\u00e8res :\u00a0http:\/\/www.wikigarrigue.info\/collectif\/wakka.php?wiki=InventCharbo, Ce recensement s'applique dans l'ensemble de la r\u00e9gion des garrigues. Si vous connaissez des\u2026","rel":"","context":"Article similaire","block_context":{"text":"Article similaire","link":""},"img":{"alt_text":"livre1","src":"https:\/\/i0.wp.com\/www.altimara.eu\/blog\/wp-content\/uploads\/2014\/02\/livre1.jpg?resize=350%2C200","width":350,"height":200},"classes":[]},{"id":300,"url":"https:\/\/www.altimara.eu\/blog\/galerie-photo\/","url_meta":{"origin":140,"position":3},"title":"PHOTO-VIDEO","author":"Martiou","date":"2 janvier 2014","format":false,"excerpt":"Le meilleur des photos.La cuisson d'une charbonni\u00e8re en int\u00e9gralit\u00e9: Charbonni\u00e8re des garrigues 1 - \u00a0Islande -> Fresh Winds Martial 2 - La Grande E[pic] au St Loup ->\u00a0\u00a0r\u00e9sum\u00e9: https:\/\/www.flickr.com\/photos\/76279033@N02\/sets\/72157648611599169\/ complet:\u00a0t\u00eates noires reportage complet et la vid\u00e9o :\u00a0https:\/\/vimeo.com\/112622683","rel":"","context":"Article similaire","block_context":{"text":"Article similaire","link":""},"img":{"alt_text":"_MAC7878-2","src":"https:\/\/i0.wp.com\/www.altimara.eu\/blog\/wp-content\/uploads\/2014\/04\/MAC7878-2.jpg?resize=350%2C200","width":350,"height":200,"srcset":"https:\/\/i0.wp.com\/www.altimara.eu\/blog\/wp-content\/uploads\/2014\/04\/MAC7878-2.jpg?resize=350%2C200 1x, https:\/\/i0.wp.com\/www.altimara.eu\/blog\/wp-content\/uploads\/2014\/04\/MAC7878-2.jpg?resize=525%2C300 1.5x, https:\/\/i0.wp.com\/www.altimara.eu\/blog\/wp-content\/uploads\/2014\/04\/MAC7878-2.jpg?resize=700%2C400 2x"},"classes":[]},{"id":143,"url":"https:\/\/www.altimara.eu\/blog\/contact\/","url_meta":{"origin":140,"position":4},"title":"CONTACT \/ INFO","author":"Martiou","date":"20 d\u00e9cembre 2013","format":false,"excerpt":"Martial ACQUARONE Pour m'\u00e9crire, utilisez la fiche contact dans la barre \u00e0 droite. Longtemps photographe de m\u00e9tier, paysagiste de c\u0153ur, j\u2019aime les vastes \u00e9tendues et essaye de transmettre la s\u00e9r\u00e9nit\u00e9 des lieux. Mais le monde a \u00e9t\u00e9 boulevers\u00e9 par les Hommes et leurs savoirs. Ceux-ci me passionnent et m\u2019ont fait\u2026","rel":"","context":"Article similaire","block_context":{"text":"Article similaire","link":""},"img":{"alt_text":"","src":"https:\/\/i0.wp.com\/www.altimara.eu\/blog\/wp-content\/uploads\/2013\/12\/carbonisacteur-titre.jpg?resize=350%2C200&ssl=1","width":350,"height":200,"srcset":"https:\/\/i0.wp.com\/www.altimara.eu\/blog\/wp-content\/uploads\/2013\/12\/carbonisacteur-titre.jpg?resize=350%2C200&ssl=1 1x, https:\/\/i0.wp.com\/www.altimara.eu\/blog\/wp-content\/uploads\/2013\/12\/carbonisacteur-titre.jpg?resize=525%2C300&ssl=1 1.5x, https:\/\/i0.wp.com\/www.altimara.eu\/blog\/wp-content\/uploads\/2013\/12\/carbonisacteur-titre.jpg?resize=700%2C400&ssl=1 2x"},"classes":[]},{"id":3033,"url":"https:\/\/www.altimara.eu\/blog\/contact\/publications\/","url_meta":{"origin":140,"position":5},"title":"PubLICATIONS","author":"Martiou","date":"16 avril 2019","format":false,"excerpt":"Des fascicules, guides ou livres dans lesquels j'ai \u00e9crit en partie ou en totalit\u00e9. L'histoire des charbonniers, les techniques, le sentier des charbonni\u00e8res de Ste Croix. De nombreuses photos et illustrationsDisponible \u00e0 l'\u00e9picerie \"l'Orkis\" Ste Croix de Quintillargues10 \u20ac frais de port inclus pour la France suivant stock dispo ou\u2026","rel":"","context":"Article similaire","block_context":{"text":"Article similaire","link":""},"img":{"alt_text":"","src":"https:\/\/i0.wp.com\/www.altimara.eu\/blog\/wp-content\/uploads\/2019\/04\/livre1.jpg?resize=350%2C200&ssl=1","width":350,"height":200,"srcset":"https:\/\/i0.wp.com\/www.altimara.eu\/blog\/wp-content\/uploads\/2019\/04\/livre1.jpg?resize=350%2C200&ssl=1 1x, https:\/\/i0.wp.com\/www.altimara.eu\/blog\/wp-content\/uploads\/2019\/04\/livre1.jpg?resize=525%2C300&ssl=1 1.5x"},"classes":[]}],"_links":{"self":[{"href":"https:\/\/www.altimara.eu\/blog\/wp-json\/wp\/v2\/pages\/140","targetHints":{"allow":["GET"]}}],"collection":[{"href":"https:\/\/www.altimara.eu\/blog\/wp-json\/wp\/v2\/pages"}],"about":[{"href":"https:\/\/www.altimara.eu\/blog\/wp-json\/wp\/v2\/types\/page"}],"author":[{"embeddable":true,"href":"https:\/\/www.altimara.eu\/blog\/wp-json\/wp\/v2\/users\/3"}],"replies":[{"embeddable":true,"href":"https:\/\/www.altimara.eu\/blog\/wp-json\/wp\/v2\/comments?post=140"}],"version-history":[{"count":0,"href":"https:\/\/www.altimara.eu\/blog\/wp-json\/wp\/v2\/pages\/140\/revisions"}],"wp:attachment":[{"href":"https:\/\/www.altimara.eu\/blog\/wp-json\/wp\/v2\/media?parent=140"}],"curies":[{"name":"wp","href":"https:\/\/api.w.org\/{rel}","templated":true}]}}